{"id":214,"date":"2019-05-11T15:18:14","date_gmt":"2019-05-11T13:18:14","guid":{"rendered":"https:\/\/www.rinnovatirano.it\/site\/?page_id=214"},"modified":"2024-05-24T14:07:42","modified_gmt":"2024-05-24T12:07:42","slug":"il-programma","status":"publish","type":"page","link":"https:\/\/www.rinnovatirano.it\/new\/il-programma\/","title":{"rendered":"Il Programma"},"content":{"rendered":"<p><span style=\"font-size: 10pt;\"><strong><a href=\"https:\/\/www.rinnovatirano.it\/files\/volantino.pdf\">\u2192 SCARICA QUI IL PROGRAMMA SINTETICO IN PDF<\/a><br \/>\n<a href=\"https:\/\/www.rinnovatirano.it\/files\/programma.pdf\">\u2192 SCARICA QUI IL PROGRAMMA COMPLETO IN PDF<\/a><\/strong><\/span><\/p>\n<p><span style=\"font-size: 18pt;\"><strong><br \/>\n&#8220;INSIEME SI VA LONTANO&#8221;<\/strong><\/span><\/p>\n<p><span style=\"font-size: 12pt;\"><span style=\"color: #ff6600;\">\u201c<strong>Rinnova Tirano<\/strong>\u201d<\/span> \u00e8 nata nel 2014 con la volont\u00e0 di proporre un nuovo concetto di amministrazione cittadina <strong><span style=\"color: #ff6600;\">trasparente e responsabile<\/span><\/strong> si ripresenta alle elezioni per il quinquennio 2024-2029 con un gruppo rinnovato, nuove energie e, soprattutto, <span style=\"color: #ff6600;\"><strong>nuove idee<\/strong><\/span> per la citt\u00e0 di Tirano.<br \/>\n<\/span><\/p>\n<p><span style=\"font-size: 12pt;\">In questi cinque anni abbiamo lavorato su temi importanti quali la viabilit\u00e0, il riassetto del patrimonio culturale, lo sport, i servizi alla persona, il mantenimento degli equilibri finanziari. L\u2019esperienza amministrativa conclusa, caratterizzata dal particolare periodo storico vissuto, ha determinato una precisa e consapevole messa a fuoco degli obiettivi di governo della citt\u00e0 per i prossimi anni.<\/span><\/p>\n<p><span style=\"font-size: 12pt;\">L\u2019azione politico\/amministrativa della lista civica Rinnova Tirano parte dalla considerazione che <strong><span style=\"color: #ff6600;\">Tirano<\/span><\/strong>, localizzata nella macro regione Alpina, area marginale per posizione geografica rispetto alle aree metropolitane, ha bisogno di essere connessa alle grandi aree urbane per il proprio sviluppo, ma al contempo garantire ai propri cittadini e cittadine una <strong><span style=\"color: #ff6600;\">qualit\u00e0 di vita<\/span><\/strong> non replicabile nei grandi contesti metropolitani.<br \/>\nLa realizzazione della <strong><span style=\"color: #ff6600;\">tangenziale<\/span><\/strong> richiede un ripensamento generale della viabilit\u00e0 urbana e la possibilit\u00e0 di puntare su una mobilit\u00e0 dolce favorendo l\u2019implementazione di piste ciclabili urbane e zone a traffico limitato. Questi cinque anni saranno fondamentali per gettare le basi della <span style=\"color: #ff6600;\"><strong>Tirano del post tangenziale<\/strong><\/span>, una citt\u00e0 che Rinnova Tirano immagina <strong><span style=\"color: #ff6600;\">accogliente, inclusiva, ecologica,<\/span><\/strong> in cui ogni persona pu\u00f2 riconoscersi e sentirsi parte di una <strong><span style=\"color: #ff6600;\">comunit\u00e0<\/span><\/strong> in continua crescita.<\/span><\/p>\n<p><span style=\"font-size: 12pt;\">La nuova lista di <strong><span style=\"color: #ff6600;\">Rinnova Tirano<\/span><\/strong>, composta in pari numero da uomini e donne, accoglie persone di et\u00e0 differenti, molti giovani, che provengono da diversi ambiti lavorativi:<\/span><\/p>\n<p><span style=\"font-size: 12pt;\"><span style=\"color: #ff6600;\"><strong>Joelle Bonetti<\/strong><\/span> (sociale), <span style=\"color: #ff6600;\"><strong>Marco Chiapparini<\/strong><\/span> (turismo), <span style=\"color: #ff6600;\"><strong>Simona Dalla Valle<\/strong><\/span> (commercio e artigianato), <span style=\"color: #ff6600;\"><strong>Valentina De Lorenzo<\/strong><\/span> (comunicazione e partecipazione dei cittadini), <span style=\"color: #ff6600;\"><strong>Benedetto Del Simone<\/strong><\/span> (territorio, viabilit\u00e0 e opere pubbliche), <span style=\"color: #ff6600;\"><strong>Daniele Marchesi &#8220;Maraci&#8221;<\/strong><\/span> (sport e associazioni), <strong><span style=\"color: #ff6600;\">Beatrice Oberti<\/span><\/strong> (turismo e settore<br \/>\nvitivinicolo), <span style=\"color: #ff6600;\"><strong>Pietro Panizza<\/strong><\/span> (agricoltura e associazionismo), <span style=\"color: #ff6600;\"><strong>Carlotta Perego<\/strong><\/span> (mobilit\u00e0 e relazioni territoriali), <span style=\"color: #ff6600;\"><strong>Camilla Pitino<\/strong><\/span> (istruzione, cultura e politiche giovanili, consigliere uscente e capogruppo), <span style=\"color: #ff6600;\"><strong>Andrea Poluzzi<\/strong><\/span> (servizi terziario, consigliere uscente), <span style=\"color: #ff6600;\"><strong>Stefano Portovenero<\/strong><\/span> (ambiente e opere pubbliche, assessore uscente).<\/span><\/p>\n<p><span style=\"font-size: 12pt;\"><span style=\"text-decoration: underline;\"><span style=\"color: #ff6600; text-decoration: underline;\"><strong>Tutti i candidati hanno firmato un codice etico<\/strong><\/span><\/span> pubblicato online e allegato in sintesi a questa presentazione.<\/span><\/p>\n<p><span style=\"font-size: 12pt;\">La lista Rinnova Tirano, guidata da <span style=\"color: #ff6600;\"><strong>Sonia Bombardieri<\/strong><\/span>, \u00e8 formata da uomini e donne, con diverse competenze e con esperienza amministrativa, animati dal desiderio sincero di mettersi a servizio della comunit\u00e0 tiranese e accomunate da valori irrinunciabili come la <span style=\"color: #ff6600;\"><strong>coerenza<\/strong><\/span>, la <span style=\"color: #ff6600;\"><strong>correttezza<\/strong><\/span> e la <strong><span style=\"color: #ff6600;\">trasparenza<\/span><\/strong> che sono presupposti fondanti per una buona amministrazione.<\/span><\/p>\n<p>&nbsp;<\/p>\n<p><span style=\"font-size: 18pt;\"><strong><span style=\"color: #ff6600;\">\u2588\u00a0\u00a0 TIRANO SOCIALE<\/span><br \/>\n<\/strong><\/span><span style=\"font-size: 12pt;\">Per una citt\u00e0 a misura di tutti attenta agli anziani e alla cronicit\u00e0, alla famiglia vogliamo: attivare politiche di <strong><span style=\"color: #ff6600;\">inclusione<\/span><\/strong> e assistenziali per<strong><span style=\"color: #ff6600;\"> famiglie fragili<\/span><\/strong> e diffondere la <span style=\"color: #ff6600;\"><strong>Carta dei<\/strong><\/span><br \/>\n<span style=\"color: #ff6600;\"><strong>servizi sociali<\/strong><\/span> formato \u201cbrochure\u201d; impegnarci per lavvio della Casa e dell&#8217;<strong><span style=\"color: #ff6600;\">Ospedale di Comunit\u00e0<\/span><\/strong> con un servizio di cure <span style=\"color: #ff6600;\"><strong>intermedie<\/strong><\/span>; promuovere laccessibilit\u00e0 alla casa tramite un sistema di <span style=\"color: #ff6600;\"><strong>garanzia per proprietari e inquilini<\/strong><\/span>; per i pi\u00f9 piccoli proporre attivit\u00e0 per tutto lanno e nuovi progetti come <strong><span style=\"color: #ff6600;\">\u201cLa scuola va al museo\u201d<\/span><\/strong> e <span style=\"color: #ff6600;\"><strong>\u201cLa scuola va in montagna\u201d<\/strong><\/span>.<\/span><\/p>\n<p>&nbsp;<\/p>\n<p><span style=\"font-size: 18pt;\"><strong><span style=\"color: #00ccff;\">\u2588\u00a0\u00a0 TIRANO ASSOCIATIVA<\/span><br \/>\n<\/strong><\/span><span style=\"font-size: 12pt;\">Intendiamo <strong><span style=\"color: #00ccff;\">sostenere le associazioni<\/span><\/strong>, promuoverne la collaborazione anche al fine di alleggerire il carico burocratico (es. polisportiva); promuovere <span style=\"color: #00ccff;\"><strong>giornate delle associazioni<\/strong><\/span> coinvolgendo le scuole e <strong><span style=\"color: #00ccff;\">promuovere la cultura del volontariato<\/span><\/strong> per incentivare ragazzi e ragazze a impegnarsi attivamente.<\/span><\/p>\n<p>&nbsp;<\/p>\n<p><span style=\"font-size: 18pt;\"><strong><span style=\"color: #00ccff;\"><span style=\"color: #6fd439;\">\u2588<\/span>\u00a0\u00a0 <\/span><span style=\"color: #6fd439;\">TIRANO SOSTENIBILE<\/span><br \/>\n<\/strong><\/span><span style=\"font-size: 12pt;\">Vogliamo proporre una <span style=\"color: #6fd439;\"><strong>gestione ambientale responsabile e sostenibile<\/strong><\/span>; migliorare la <strong><span style=\"color: #6fd439;\">mobilit\u00e0 urbana<\/span><\/strong> per una citt\u00e0 a misura di <span style=\"color: #6fd439;\"><strong>bambini e anziani<\/strong><\/span> con meno automobili; realizzare la prima<span style=\"color: #6fd439;\"><strong> ciclabile urbana<\/strong><\/span> e <span style=\"color: #6fd439;\"><strong>\u201cpiazze scolastiche\u201d<\/strong><\/span> dedicate al gioco libero; creare l&#8217;<strong><span style=\"color: #6fd439;\">Ecoisola<\/span><\/strong> con accesso automatizzato per la <span style=\"color: #6fd439;\"><strong>raccolta H24<\/strong><\/span>, avviare la<strong><span style=\"color: #6fd439;\"> raccolta differenziata dell&#8217;umido<\/span><\/strong>; promuovere lo scambio di beni usati con un <span style=\"color: #6fd439;\"><strong>Centro del Riuso<\/strong><\/span>.<\/span><\/p>\n<p>&nbsp;<\/p>\n<p><span style=\"font-size: 18pt;\"><strong><span style=\"color: #2f589e;\">\u2588\u00a0\u00a0 TIRANO SPORTIVA<\/span><br \/>\n<\/strong><\/span><span style=\"font-size: 12pt;\">Ci proponiamo di <span style=\"color: #2f589e;\"><strong>migliorare gli impianti sportivi<\/strong><\/span>; rinnovare la <span style=\"color: #2f589e;\"><strong>piscina comunale<\/strong><\/span> valutando uno <strong><span style=\"color: #2f589e;\">spazio wellness<\/span><\/strong>; realizzare una <strong><span style=\"color: #2f589e;\">pista di salto in lungo<\/span><\/strong>, un <span style=\"color: #2f589e;\"><strong>campetto polivalente<\/strong><\/span> presso l&#8217;ex <span style=\"color: #2f589e;\"><strong>Foro Boario<\/strong><\/span> e uno spazio per il <span style=\"color: #2f589e;\"><strong>green volley<\/strong><\/span>; creare un <span style=\"color: #2f589e;\">campus sportivo<\/span> con il bocciodromo come <span style=\"color: #2f589e;\"><strong>Centro Polisportivo Tiranese<\/strong><\/span>; favorire l&#8217;accesso allo sport per i <span style=\"color: #2f589e;\"><strong>bambini con disabilit\u00e0<\/strong><\/span>; promuovere <span style=\"color: #2f589e;\"><strong>eventi di rilievo nazionale e internazionale<\/strong><\/span> nellambito del turismo bike.<\/span><\/p>\n<p>&nbsp;<\/p>\n<p><span style=\"font-size: 18pt;\"><strong><span style=\"color: #eb137b;\">\u2588\u00a0\u00a0 TIRANO GIOVANE<\/span><br \/>\n<\/strong><\/span><span style=\"font-size: 12pt;\">Vogliamo coinvolgere attivamente i <span style=\"color: #eb137b;\">giovani<\/span> nella vita della comunit\u00e0 promuovendo <strong><span style=\"color: #eb137b;\">collaborazione, protagonismo e spazio per i giovani<\/span><\/strong>; aderire alla <span style=\"color: #eb137b;\">Leva Civica Lombarda<\/span><br \/>\n<span style=\"color: #eb137b;\">Volontaria<\/span>; coinvolgere i giovani in progetti di rigenerazione urbana; condividere <strong><span style=\"color: #eb137b;\">progetti di educazione alla cittadinanza<\/span><\/strong> istituendo il <strong><span style=\"color: #eb137b;\">Consiglio comunale dei ragazzi<\/span><\/strong>; promuovere gli spazi giovani del <strong><span style=\"color: #eb137b;\">Local Hub<\/span><\/strong> e del <span style=\"color: #eb137b;\"><strong>Parco degli Olmi<\/strong><\/span>; potenziare liniziativa <strong><span style=\"color: #eb137b;\">\u201cColori in tasca\u201d<\/span><\/strong> con i giovani artisti.<\/span><\/p>\n<p>&nbsp;<\/p>\n<p><span style=\"font-size: 18pt;\"><strong><span style=\"color: #9e9065;\">\u2588\u00a0\u00a0 TIRANO DEL FUTURO<\/span><br \/>\n<\/strong><\/span><span style=\"font-size: 12pt;\">Completeremo le <span style=\"color: #9e9065;\"><strong>opere di rilievo<\/strong><\/span> in fase di avvio fra cui: il rifacimento di <strong><span style=\"color: #9e9065;\">viale Cappuccini<\/span><\/strong> e piazzetta antistante l&#8217;<span style=\"color: #9e9065;\"><strong>Auditorium<\/strong><\/span>, di <span style=\"color: #9e9065;\"><strong>piazza delle Stazioni<\/strong><\/span> e <span style=\"color: #9e9065;\"><strong>viale Mazzini<\/strong><\/span>, dei <strong><span style=\"color: #9e9065;\">servizi igienici scuola \u201cCredaro\u201d<\/span><\/strong>; la creazione del <strong><span style=\"color: #9e9065;\">nuovo magazzino comunale<\/span><\/strong> e la conclusione del restauro <strong><span style=\"color: #9e9065;\">Chiesa di S. Romerio<\/span><\/strong>. <span style=\"color: #9e9065;\"><strong>Nuove opere<\/strong><\/span> riguarderanno: la <span style=\"color: #9e9065;\"><strong>riqualificazione delle piazze principali<\/strong><\/span>, dell&#8217;<strong><span style=\"color: #9e9065;\">illuminazione pubblica<\/span><\/strong> e degli <strong><span style=\"color: #9e9065;\">arredi urbani<\/span><\/strong>; la<span style=\"color: #9e9065;\"><strong> rigenerazione di edifici pubblici storici<\/strong><\/span> (es. Ex Cinema Italia); la costruzione di una <span style=\"color: #9e9065;\"><strong>nuova palestra presso le scuole di Madonna<\/strong><\/span>; interventi per la <span style=\"color: #9e9065;\"><strong>riduzione delle barriere architettoniche alla scuola Vido<\/strong><\/span>, per la<strong><span style=\"color: #9e9065;\"> difesa idrogeologica<\/span><\/strong> e per il <strong><span style=\"color: #9e9065;\">miglioramento della viabilit\u00e0 agrosilvopastorale<\/span><\/strong> e delle <strong><span style=\"color: #9e9065;\">mulattiere<\/span><\/strong>.<\/span><\/p>\n<p>&nbsp;<\/p>\n<p><span style=\"font-size: 18pt;\"><strong><span style=\"color: #e8a600;\">\u2588\u00a0\u00a0 TIRANO TURISTICA<\/span><br \/>\n<\/strong><\/span><span style=\"font-size: 12pt;\">Vogliamo dotare la citt\u00e0 di un brand <strong><span style=\"color: #e8a600;\">\u201cTirano &#8211; crocevia delle Alpi\u201d<\/span><\/strong> come destinazione turistica dalle <span style=\"color: #e8a600;\"><strong>molteplici<\/strong><\/span> e <span style=\"color: #e8a600;\"><strong>differenti<\/strong><\/span> esperienze; creare un<strong><span style=\"color: #e8a600;\"> racconto della citt\u00e0<\/span><\/strong> con nuova <span style=\"color: #e8a600;\"><strong>segnaletica turistica interattiva<\/strong><\/span> e <span style=\"color: #e8a600;\"><strong>percorsi tematici<\/strong><\/span> sulla Storia di Tirano; progettare un parco interattivo del <span style=\"color: #e8a600;\"><strong>Prode Anselmo<\/strong><\/span> e realizzare il <span style=\"color: #e8a600;\"><strong>sentiero del Viadotto<\/strong><\/span> per le famiglie; creare un<span style=\"color: #e8a600;\"><strong> punto ristoro<\/strong> <\/span>sul <strong><span style=\"color: #e8a600;\">Sentiero Valtellina<\/span><\/strong> in Piazza Unit\u00e0 d&#8217;Italia; istituire una <strong><span style=\"color: #e8a600;\">struttura dedicata alla programmazione degli eventi<\/span><\/strong> e promuovere la costituzione di una <strong><span style=\"color: #e8a600;\">Pro Loco giovane<\/span><\/strong>; introdurre una <span style=\"color: #e8a600;\"><strong>tassa di soggiorno<\/strong><\/span> per offrire nuovi servizi turistici come la <strong><span style=\"color: #e8a600;\">navetta urbana<\/span><\/strong>.<\/span><\/p>\n<p>&nbsp;<\/p>\n<p><span style=\"font-size: 18pt;\"><strong><span style=\"color: #ff4400;\">\u2588\u00a0\u00a0 TIRANO PRODUTTIVA<\/span><br \/>\n<\/strong><\/span><span style=\"font-size: 12pt;\">A supporto del <strong><span style=\"color: #ff4400;\">commercio<\/span><\/strong> intendiamo: studiare la fattibilit\u00e0 della<strong><span style=\"color: #ff4400;\"> Welcome Card<\/span><\/strong> che comprenda servizi ed esperienze in citt\u00e0; essere soggetti attivi del <strong><span style=\"color: #ff4400;\">Distretto Diffuso del Commercio<\/span><\/strong> per erogare contributi a sostegno dell&#8217;esercizio di vicinato. Per il <strong><span style=\"color: #ff4400;\">settore artigianale<\/span><\/strong> vogliamo:<strong><span style=\"color: #ff4400;\"> incentivare iniziative di investimento<\/span><\/strong> e la <strong><span style=\"color: #ff4400;\">messa in rete<\/span><\/strong> di <strong><span style=\"color: #ff4400;\">attivit\u00e0 e servizi<\/span><\/strong> monitorando le <strong><span style=\"color: #ff4400;\">opportunit\u00e0 di finanziamento<\/span><\/strong> alle imprese. A vantaggio di tutte le imprese avviare una <strong><span style=\"color: #ff4400;\">comunit\u00e0 energetica<\/span><\/strong>. Per l&#8217;<strong><span style=\"color: #ff4400;\">agricoltura<\/span><\/strong> vogliamo mantenere la <strong><span style=\"color: #ff4400;\">viabilit\u00e0 agrosilvopastorale<\/span><\/strong>, dare supporto ai consorzi irrigui e <strong><span style=\"color: #ff4400;\">valorizzare le eccellenze<\/span><\/strong> del territorio.<\/span><\/p>\n<p>&nbsp;<\/p>\n<p><span style=\"font-size: 18pt;\"><strong><span style=\"color: #ab7746;\">\u2588\u00a0\u00a0 TIRANO PER LA CULTURA<\/span><br \/>\n<\/strong><\/span><span style=\"font-size: 12pt;\">Vogliamo creare benessere con la cultura: mantenere la centralit\u00e0 della <strong><span style=\"color: #ab7746;\">Biblioteca<\/span><\/strong> e svilupparne le <strong><span style=\"color: #ab7746;\">attivit\u00e0 in chiave partecipata e diffusa<\/span><\/strong> sul territorio; dare <strong><span style=\"color: #ab7746;\">continuit\u00e0 alle iniziative gi\u00e0 radicate<\/span><\/strong> e seguite (es. stagioni teatrali, rassegne culturali); proporre <strong><span style=\"color: #ab7746;\">laboratori teatrali permanenti<\/span><\/strong> per cittadini di tutte le et\u00e0; valorizzare <span style=\"color: #ab7746;\"><strong>\u201cTirano citt\u00e0 della musica\u201d<\/strong><\/span>; completare il riallestimento del <strong><span style=\"color: #ab7746;\">MET<\/span><\/strong> come <strong><span style=\"color: #ab7746;\">Palazzo della Cultura Alpina<\/span><\/strong> e la riqualificazione di <strong><span style=\"color: #ab7746;\">Palazzo Pievani<\/span><\/strong> con un <strong><span style=\"color: #ab7746;\">nuovo spazio multifunzione<\/span><\/strong> e la <strong><span style=\"color: #ab7746;\">casa-museo<\/span><\/strong> \u201cArcari\u201d; valorizzare lantica <strong><span style=\"color: #ab7746;\">Torre di Piattamala<\/span><\/strong> raccontando la <strong><span style=\"color: #ab7746;\">storia dei confini<\/span><\/strong>; ultimare la digitalizzazione dell&#8217;<strong><span style=\"color: #ab7746;\">archivio storico<\/span><\/strong>.<\/span><\/p>\n<p>&nbsp;<\/p>\n<p><span style=\"font-size: 18pt;\"><strong><span style=\"color: #ab7746;\"><span style=\"color: #43b0a3;\">\u2588\u00a0\u00a0 TIRANO CHE COMUNICA<\/span><\/span><br \/>\n<\/strong><\/span><span style=\"font-size: 12pt;\">Vogliamo creare la Tirano del futuro <strong><span style=\"color: #43b0a3;\">insieme<\/span><\/strong> ai cittadini e alle cittadine con pi\u00f9 <strong><span style=\"color: #43b0a3;\">comunicazione<\/span><\/strong> e pi\u00f9<strong><span style=\"color: #43b0a3;\"> partecipazione<\/span><\/strong>. Intendiamo mantenere un&#8217;<span style=\"color: #43b0a3;\"><strong>informazione aggiornata<\/strong><\/span> attraverso il sito; incoraggiare luso dellapp Municipium; istituire <strong><span style=\"color: #43b0a3;\">momenti informali di confronto<\/span><\/strong> periodico con il sindaco e la giunta e condividere con regolarit\u00e0 risultati, iniziative e nuovi progetti attraverso <strong><span style=\"color: #43b0a3;\">fogli informativi<\/span><\/strong>; promuovere la <strong><span style=\"color: #43b0a3;\">semplificazione<\/span><\/strong> del linguaggio e delle pratiche amministrative.<\/span><\/p>\n","protected":false},"excerpt":{"rendered":"<p>\u201cRinnova Tirano\u201d \u00e8 nata nel 2014 con la volont\u00e0 di proporre un nuovo concetto di amministrazione cittadina trasparente e responsabile si ripresenta alle elezioni per il quinquennio 2024-2029 con un gruppo rinnovato, nuove energie e, soprattutto, nuove idee per la citt\u00e0 di Tirano.<\/p>\n","protected":false},"author":1,"featured_media":0,"parent":0,"menu_order":0,"comment_status":"closed","ping_status":"closed","template":"","meta":{"_monsterinsights_skip_tracking":false,"_monsterinsights_sitenote_active":false,"_monsterinsights_sitenote_note":"","_monsterinsights_sitenote_category":0,"footnotes":""},"class_list":["post-214","page","type-page","status-publish","hentry"],"_links":{"self":[{"href":"https:\/\/www.rinnovatirano.it\/new\/wp-json\/wp\/v2\/pages\/214","targetHints":{"allow":["GET"]}}],"collection":[{"href":"https:\/\/www.rinnovatirano.it\/new\/wp-json\/wp\/v2\/pages"}],"about":[{"href":"https:\/\/www.rinnovatirano.it\/new\/wp-json\/wp\/v2\/types\/page"}],"author":[{"embeddable":true,"href":"https:\/\/www.rinnovatirano.it\/new\/wp-json\/wp\/v2\/users\/1"}],"replies":[{"embeddable":true,"href":"https:\/\/www.rinnovatirano.it\/new\/wp-json\/wp\/v2\/comments?post=214"}],"version-history":[{"count":45,"href":"https:\/\/www.rinnovatirano.it\/new\/wp-json\/wp\/v2\/pages\/214\/revisions"}],"predecessor-version":[{"id":498,"href":"https:\/\/www.rinnovatirano.it\/new\/wp-json\/wp\/v2\/pages\/214\/revisions\/498"}],"wp:attachment":[{"href":"https:\/\/www.rinnovatirano.it\/new\/wp-json\/wp\/v2\/media?parent=214"}],"curies":[{"name":"wp","href":"https:\/\/api.w.org\/{rel}","templated":true}]}}